{"id":938,"date":"2023-10-06T23:26:00","date_gmt":"2023-10-06T21:26:00","guid":{"rendered":"https:\/\/vonia24.com\/?post_type=product&#038;p=938"},"modified":"2024-07-22T12:17:05","modified_gmt":"2024-07-22T10:17:05","slug":"essence-single-lever-sink-mixer-chrome-spout-rotation-angle-0-150-360-ceramic-head-28-mm","status":"publish","type":"product","link":"https:\/\/vonia24.com\/ru\/product\/essence-single-lever-sink-mixer-chrome-spout-rotation-angle-0-150-360-ceramic-head-28-mm\/","title":{"rendered":"ESSENCE VIENO SVERTO KRIAUKL\u0116S MAI\u0160YTUVAS, CHROMAS, SNAPELIO PASUKIMO KAMPAS 0\u00b0 \/ 150\u00b0 \/ 360\u00b0, KERAMIN\u0116 GALVUT\u0116 28 MM"},"content":{"rendered":"<p>Auk\u0161tas snapelis<br \/>\nmontavimas per vien\u0105 ang\u0105<br \/>\nGROHE StarLight chromo apdaila<br \/>\nGROHE SilkMove keramin\u0117 galvut\u0117 28 mm<br \/>\nAeratorius<br \/>\npasukamas snapelis<br \/>\nreguliuojamas pasukimo kampas 0\u00b0 \/ 150\u00b0 \/ 360\u00b0<br \/>\nLanks\u010dios jungiamosios \u017earnos<br \/>\nGreito montavimo sistema<br \/>\nIntegruotas temperat\u016bros ribotuvas<br \/>\nminimalus rekomenduojamas sl\u0117gis 1,0 bar<\/p>","protected":false},"excerpt":{"rendered":"<p>EAN: 4005176314902<\/p>\n<p>SKU:30269000<\/p>\n<p>Svoris: 1.684 kg<\/p>","protected":false},"featured_media":939,"comment_status":"closed","ping_status":"closed","template":"","meta":[],"product_cat":[27,201],"product_tag":[],"class_list":{"0":"post-938","1":"product","2":"type-product","3":"status-publish","4":"has-post-thumbnail","6":"produktu-serija-essence-new","7":"produkto-gamintojas-grohe","8":"product_cat-virtuve","9":"product_cat-virtuves-maisytuvai","11":"first","12":"instock","13":"sale","14":"taxable","15":"shipping-taxable","16":"purchasable","17":"product-type-simple"},"_links":{"self":[{"href":"https:\/\/vonia24.com\/ru\/wp-json\/wp\/v2\/product\/938","targetHints":{"allow":["GET"]}}],"collection":[{"href":"https:\/\/vonia24.com\/ru\/wp-json\/wp\/v2\/product"}],"about":[{"href":"https:\/\/vonia24.com\/ru\/wp-json\/wp\/v2\/types\/product"}],"replies":[{"embeddable":true,"href":"https:\/\/vonia24.com\/ru\/wp-json\/wp\/v2\/comments?post=938"}],"wp:featuredmedia":[{"embeddable":true,"href":"https:\/\/vonia24.com\/ru\/wp-json\/wp\/v2\/media\/939"}],"wp:attachment":[{"href":"https:\/\/vonia24.com\/ru\/wp-json\/wp\/v2\/media?parent=938"}],"wp:term":[{"taxonomy":"product_cat","embeddable":true,"href":"https:\/\/vonia24.com\/ru\/wp-json\/wp\/v2\/product_cat?post=938"},{"taxonomy":"product_tag","embeddable":true,"href":"https:\/\/vonia24.com\/ru\/wp-json\/wp\/v2\/product_tag?post=938"}],"curies":[{"name":"wp","href":"https:\/\/api.w.org\/{rel}","templated":true}]}}