{"id":940,"date":"2023-10-06T23:29:49","date_gmt":"2023-10-06T21:29:49","guid":{"rendered":"https:\/\/vonia24.com\/?post_type=product&#038;p=940"},"modified":"2024-07-22T12:17:03","modified_gmt":"2024-07-22T10:17:03","slug":"eurocube-single-lever-kitchen-mixer-chrome-360-spout-rotation-28-mm-ceramic-head","status":"publish","type":"product","link":"https:\/\/vonia24.com\/ru\/product\/eurocube-single-lever-kitchen-mixer-chrome-360-spout-rotation-28-mm-ceramic-head\/","title":{"rendered":"EUROCUBE VIENO SVERTO KRIAUKL\u0116S MAI\u0160YTUVAS, CHROMAS, 360\u00b0 PASUKAMAS SNAPELIS, 28 MM KERAMIN\u0116 GALVUT\u0116"},"content":{"rendered":"<p>Auk\u0161tas snapelis<br \/>\nmontavimas per vien\u0105 ang\u0105<br \/>\nGROHE StarLight chromuota danga<br \/>\nGROHE SilkMove keramin\u0117 galvut\u0117 28 mm<br \/>\nAeratorius<br \/>\npasukamas snapelis<br \/>\n360\u00b0 pasukimo kampas<br \/>\nlanks\u010dios jungiamosios \u017earnos<br \/>\nGreito montavimo sistema<br \/>\nminimalus rekomenduojamas sl\u0117gis 1,0 bar<\/p>","protected":false},"excerpt":{"rendered":"<p>EAN: 4005176901416<\/p>\n<p>SKU:31255000<\/p>\n<p>Svoris: 2.888 kg<\/p>","protected":false},"featured_media":941,"comment_status":"closed","ping_status":"closed","template":"","meta":[],"product_cat":[27,201],"product_tag":[],"class_list":{"0":"post-940","1":"product","2":"type-product","3":"status-publish","4":"has-post-thumbnail","6":"produktu-serija-eurocube","7":"produkto-gamintojas-grohe","8":"product_cat-virtuve","9":"product_cat-virtuves-maisytuvai","11":"first","12":"instock","13":"sale","14":"taxable","15":"shipping-taxable","16":"purchasable","17":"product-type-simple"},"_links":{"self":[{"href":"https:\/\/vonia24.com\/ru\/wp-json\/wp\/v2\/product\/940","targetHints":{"allow":["GET"]}}],"collection":[{"href":"https:\/\/vonia24.com\/ru\/wp-json\/wp\/v2\/product"}],"about":[{"href":"https:\/\/vonia24.com\/ru\/wp-json\/wp\/v2\/types\/product"}],"replies":[{"embeddable":true,"href":"https:\/\/vonia24.com\/ru\/wp-json\/wp\/v2\/comments?post=940"}],"wp:featuredmedia":[{"embeddable":true,"href":"https:\/\/vonia24.com\/ru\/wp-json\/wp\/v2\/media\/941"}],"wp:attachment":[{"href":"https:\/\/vonia24.com\/ru\/wp-json\/wp\/v2\/media?parent=940"}],"wp:term":[{"taxonomy":"product_cat","embeddable":true,"href":"https:\/\/vonia24.com\/ru\/wp-json\/wp\/v2\/product_cat?post=940"},{"taxonomy":"product_tag","embeddable":true,"href":"https:\/\/vonia24.com\/ru\/wp-json\/wp\/v2\/product_tag?post=940"}],"curies":[{"name":"wp","href":"https:\/\/api.w.org\/{rel}","templated":true}]}}