{"id":977,"date":"2023-10-07T11:58:35","date_gmt":"2023-10-07T09:58:35","guid":{"rendered":"https:\/\/vonia24.com\/?post_type=product&#038;p=977"},"modified":"2024-07-22T12:08:33","modified_gmt":"2024-07-22T10:08:33","slug":"grohe-essence-single-lever-bath-mixer-cool-sunrise-wall-mounted-for-exposed-fitting-35-mm-ceramic-head-temperature-limiter","status":"publish","type":"product","link":"https:\/\/vonia24.com\/ru\/product\/grohe-essence-single-lever-bath-mixer-cool-sunrise-wall-mounted-for-exposed-fitting-35-mm-ceramic-head-temperature-limiter\/","title":{"rendered":"GROHE ESSENCE VIENOS SVIRTIES VONIOS MAI\u0160YTUVAS, COOL SUNRISE, SIENINIS, VIR\u0160TINKINIS, 35 MM KERAMIN\u0116 GALVUT\u0116, TEMPERAT\u016aROS RIBOTUVAS"},"content":{"rendered":"<p>Sieninis montavimas<br \/>\nMetalin\u0117 svirtis<br \/>\nGROHE SilkMove 35 mm keramin\u0117 galvut\u0117<br \/>\nsu temperat\u016bros ribotuvu<br \/>\nGROHE StarLight chromuota danga<br \/>\nVonios \/ du\u0161o jungiklis<br \/>\naeratorius<br \/>\nDu\u0161o i\u0161\u0117jimas 1\/2&#8243;<br \/>\nintegruotas atbulinis vo\u017etuvas<br \/>\nS jungtys<br \/>\natbulinio srauto prevencija<br \/>\nminimalus rekomenduojamas sl\u0117gis 1,0 bar<\/p>","protected":false},"excerpt":{"rendered":"<p>EAN:4005176426391<\/p>\n<p>SKU:33624GL1<\/p>\n<p>Svoris: 2.65 kg<\/p>","protected":false},"featured_media":978,"comment_status":"closed","ping_status":"closed","template":"","meta":[],"product_cat":[26,166,169],"product_tag":[],"class_list":{"0":"post-977","1":"product","2":"type-product","3":"status-publish","4":"has-post-thumbnail","6":"produktu-serija-essence-new","7":"produkto-gamintojas-grohe","8":"product_cat-vonios-kambarys","9":"product_cat-vandens-maisytuvai","10":"product_cat-vonios-maisytuvai-vandens-maisytuvai","12":"first","13":"instock","14":"sale","15":"taxable","16":"shipping-taxable","17":"purchasable","18":"product-type-simple"},"_links":{"self":[{"href":"https:\/\/vonia24.com\/ru\/wp-json\/wp\/v2\/product\/977","targetHints":{"allow":["GET"]}}],"collection":[{"href":"https:\/\/vonia24.com\/ru\/wp-json\/wp\/v2\/product"}],"about":[{"href":"https:\/\/vonia24.com\/ru\/wp-json\/wp\/v2\/types\/product"}],"replies":[{"embeddable":true,"href":"https:\/\/vonia24.com\/ru\/wp-json\/wp\/v2\/comments?post=977"}],"wp:featuredmedia":[{"embeddable":true,"href":"https:\/\/vonia24.com\/ru\/wp-json\/wp\/v2\/media\/978"}],"wp:attachment":[{"href":"https:\/\/vonia24.com\/ru\/wp-json\/wp\/v2\/media?parent=977"}],"wp:term":[{"taxonomy":"product_cat","embeddable":true,"href":"https:\/\/vonia24.com\/ru\/wp-json\/wp\/v2\/product_cat?post=977"},{"taxonomy":"product_tag","embeddable":true,"href":"https:\/\/vonia24.com\/ru\/wp-json\/wp\/v2\/product_tag?post=977"}],"curies":[{"name":"wp","href":"https:\/\/api.w.org\/{rel}","templated":true}]}}