{"id":989,"date":"2023-10-09T13:40:18","date_gmt":"2023-10-09T11:40:18","guid":{"rendered":"https:\/\/vonia24.com\/?post_type=product&#038;p=989"},"modified":"2024-07-22T12:16:43","modified_gmt":"2024-07-22T10:16:43","slug":"supports-for-rapid-sl-frame-depth-adjustment-130-230-mm","status":"publish","type":"product","link":"https:\/\/vonia24.com\/ru\/product\/supports-for-rapid-sl-frame-depth-adjustment-130-230-mm\/","title":{"rendered":"RAPID SL R\u0116MO LAIKIKLIAI, GYLIO REGULIAVIMAS 130-230 MM"},"content":{"rendered":"<p>Rapid SL sieninis laikiklis<br \/>\nsieniniam tvirtinimui<br \/>\nelementams tvirtinti prie sienos<br \/>\narba prie\u0161ais smeig\u0117s sien\u0105<br \/>\nbepakopis gylio reguliavimas<br \/>\n130-230 mm<br \/>\nmontuoti ant vieno arba b\u0117gio<br \/>\ntvirtinimo med\u017eiaga<\/p>","protected":false},"excerpt":{"rendered":"<p>EAN: 4005176968167<\/p>\n<p>SKU:3855800M<\/p>\n<p>Svoris: 0.35 kg<\/p>","protected":false},"featured_media":990,"comment_status":"closed","ping_status":"closed","template":"","meta":[],"product_cat":[26,178,193,195,200],"product_tag":[],"class_list":{"0":"post-989","1":"product","2":"type-product","3":"status-publish","4":"has-post-thumbnail","6":"produktu-serija-rapid-sl","7":"produkto-gamintojas-grohe","8":"product_cat-vonios-kambarys","9":"product_cat-santechnine-keramika","10":"product_cat-potinkiniai-remai-ir-klavisai","11":"product_cat-potinkiniai-remai","12":"product_cat-klavisai-ir-tvirtinimai","14":"first","15":"instock","16":"sale","17":"taxable","18":"shipping-taxable","19":"purchasable","20":"product-type-simple"},"_links":{"self":[{"href":"https:\/\/vonia24.com\/ru\/wp-json\/wp\/v2\/product\/989","targetHints":{"allow":["GET"]}}],"collection":[{"href":"https:\/\/vonia24.com\/ru\/wp-json\/wp\/v2\/product"}],"about":[{"href":"https:\/\/vonia24.com\/ru\/wp-json\/wp\/v2\/types\/product"}],"replies":[{"embeddable":true,"href":"https:\/\/vonia24.com\/ru\/wp-json\/wp\/v2\/comments?post=989"}],"wp:featuredmedia":[{"embeddable":true,"href":"https:\/\/vonia24.com\/ru\/wp-json\/wp\/v2\/media\/990"}],"wp:attachment":[{"href":"https:\/\/vonia24.com\/ru\/wp-json\/wp\/v2\/media?parent=989"}],"wp:term":[{"taxonomy":"product_cat","embeddable":true,"href":"https:\/\/vonia24.com\/ru\/wp-json\/wp\/v2\/product_cat?post=989"},{"taxonomy":"product_tag","embeddable":true,"href":"https:\/\/vonia24.com\/ru\/wp-json\/wp\/v2\/product_tag?post=989"}],"curies":[{"name":"wp","href":"https:\/\/api.w.org\/{rel}","templated":true}]}}