{"id":998,"date":"2023-10-09T15:12:39","date_gmt":"2023-10-09T13:12:39","guid":{"rendered":"https:\/\/vonia24.com\/?post_type=product&#038;p=998"},"modified":"2024-07-22T12:16:38","modified_gmt":"2024-07-22T10:16:38","slug":"fresh-adaptation-kit","status":"publish","type":"product","link":"https:\/\/vonia24.com\/ru\/product\/fresh-adaptation-kit\/","title":{"rendered":"FRESH &#8211; KONVERSIJOS RINKINYS"},"content":{"rendered":"<p>Skirtas GROHE GD 2 bakeliui su pneumatiniu i\u0161leidimo vo\u017etuvu ir standartiniu ap\u017ei\u016bros kamin\u0117liu<br \/>\nNetinka Skate Cosmopolitan mygtukams su medine, stikline arba metaline plok\u0161tele<br \/>\nmontavimo r\u0117mas su atidarymo funkcija, su kvapi\u0173j\u0173 kase\u010di\u0173 dozatoriumi, tik chloro neturin\u010dioms tablet\u0117ms<br \/>\nvisiems mygtukams GROHE pavaros 156 x 197 mm<\/p>","protected":false},"excerpt":{"rendered":"<p>EAN: 4005176857034<\/p>\n<p>SKU:38796000<\/p>\n<p>Svoris: 0.458 kg<\/p>","protected":false},"featured_media":999,"comment_status":"closed","ping_status":"closed","template":"","meta":[],"product_cat":[26,178,193,195,200],"product_tag":[],"class_list":{"0":"post-998","1":"product","2":"type-product","3":"status-publish","4":"has-post-thumbnail","6":"produktu-serija-fresh","7":"produkto-gamintojas-grohe","8":"product_cat-vonios-kambarys","9":"product_cat-santechnine-keramika","10":"product_cat-potinkiniai-remai-ir-klavisai","11":"product_cat-potinkiniai-remai","12":"product_cat-klavisai-ir-tvirtinimai","14":"first","15":"instock","16":"sale","17":"taxable","18":"shipping-taxable","19":"purchasable","20":"product-type-simple"},"_links":{"self":[{"href":"https:\/\/vonia24.com\/ru\/wp-json\/wp\/v2\/product\/998","targetHints":{"allow":["GET"]}}],"collection":[{"href":"https:\/\/vonia24.com\/ru\/wp-json\/wp\/v2\/product"}],"about":[{"href":"https:\/\/vonia24.com\/ru\/wp-json\/wp\/v2\/types\/product"}],"replies":[{"embeddable":true,"href":"https:\/\/vonia24.com\/ru\/wp-json\/wp\/v2\/comments?post=998"}],"wp:featuredmedia":[{"embeddable":true,"href":"https:\/\/vonia24.com\/ru\/wp-json\/wp\/v2\/media\/999"}],"wp:attachment":[{"href":"https:\/\/vonia24.com\/ru\/wp-json\/wp\/v2\/media?parent=998"}],"wp:term":[{"taxonomy":"product_cat","embeddable":true,"href":"https:\/\/vonia24.com\/ru\/wp-json\/wp\/v2\/product_cat?post=998"},{"taxonomy":"product_tag","embeddable":true,"href":"https:\/\/vonia24.com\/ru\/wp-json\/wp\/v2\/product_tag?post=998"}],"curies":[{"name":"wp","href":"https:\/\/api.w.org\/{rel}","templated":true}]}}